{"id":115,"date":"2025-06-03T19:46:21","date_gmt":"2025-06-03T19:46:21","guid":{"rendered":"https:\/\/mctp.mx\/forms\/?page_id=115"},"modified":"2025-11-05T20:06:27","modified_gmt":"2025-11-05T20:06:27","slug":"encuentro-de-profesores","status":"publish","type":"page","link":"https:\/\/mctp.mx\/forms\/encuentro-de-profesores\/","title":{"rendered":"Tercer Encuentro de Profesores en Educaci\u00f3n Media Superior"},"content":{"rendered":"\t\t<div data-elementor-type=\"wp-page\" data-elementor-id=\"115\" class=\"elementor elementor-115\">\n\t\t\t\t<div class=\"elementor-element elementor-element-79f48f16 e-flex e-con-boxed e-con e-parent\" data-id=\"79f48f16\" data-element_type=\"container\" data-e-type=\"container\" data-settings=\"{&quot;background_background&quot;:&quot;classic&quot;}\">\n\t\t\t\t\t<div class=\"e-con-inner\">\n\t\t<div class=\"elementor-element elementor-element-331bd1e4 e-con-full e-flex e-con e-child\" data-id=\"331bd1e4\" data-element_type=\"container\" data-e-type=\"container\">\n\t\t\t\t<div class=\"elementor-element elementor-element-35881b4c elementor-widget elementor-widget-image\" data-id=\"35881b4c\" data-element_type=\"widget\" data-e-type=\"widget\" data-widget_type=\"image.default\">\n\t\t\t\t<div class=\"elementor-widget-container\">\n\t\t\t\t\t\t\t\t\t\t\t\t\t\t\t\t<a href=\"https:\/\/mctp.mx\/\">\n\t\t\t\t\t\t\t<img decoding=\"async\" width=\"376\" height=\"100\" src=\"https:\/\/mctp.mx\/forms\/wp-content\/uploads\/2023\/11\/mctp-100px-72p-01.png\" class=\"attachment-large size-large wp-image-16\" alt=\"\" srcset=\"https:\/\/mctp.mx\/forms\/wp-content\/uploads\/2023\/11\/mctp-100px-72p-01.png 376w, https:\/\/mctp.mx\/forms\/wp-content\/uploads\/2023\/11\/mctp-100px-72p-01-300x80.png 300w\" sizes=\"(max-width: 376px) 100vw, 376px\" \/>\t\t\t\t\t\t\t\t<\/a>\n\t\t\t\t\t\t\t\t\t\t\t\t\t\t\t<\/div>\n\t\t\t\t<\/div>\n\t\t\t\t<\/div>\n\t\t<div class=\"elementor-element elementor-element-4de749a3 e-con-full e-flex e-con e-child\" data-id=\"4de749a3\" data-element_type=\"container\" data-e-type=\"container\">\n\t\t\t\t<div class=\"elementor-element elementor-element-4c62e436 elementor-widget elementor-widget-heading\" data-id=\"4c62e436\" data-element_type=\"widget\" data-e-type=\"widget\" data-widget_type=\"heading.default\">\n\t\t\t\t<div class=\"elementor-widget-container\">\n\t\t\t\t\t<h2 class=\"elementor-heading-title elementor-size-default\"><a href=\"https:\/\/mctp.mx\/\">Inicio<\/a><\/h2>\t\t\t\t<\/div>\n\t\t\t\t<\/div>\n\t\t\t\t<\/div>\n\t\t<div class=\"elementor-element elementor-element-4a2b678e e-con-full e-flex e-con e-child\" data-id=\"4a2b678e\" data-element_type=\"container\" data-e-type=\"container\">\n\t\t\t\t<div class=\"elementor-element elementor-element-103633b7 elementor-widget elementor-widget-heading\" data-id=\"103633b7\" data-element_type=\"widget\" data-e-type=\"widget\" data-widget_type=\"heading.default\">\n\t\t\t\t<div class=\"elementor-widget-container\">\n\t\t\t\t\t<h2 class=\"elementor-heading-title elementor-size-default\">Formulario<\/h2>\t\t\t\t<\/div>\n\t\t\t\t<\/div>\n\t\t\t\t<\/div>\n\t\t\t\t\t<\/div>\n\t\t\t\t<\/div>\n\t\t<div class=\"elementor-element elementor-element-7a5830d1 e-flex e-con-boxed e-con e-parent\" data-id=\"7a5830d1\" data-element_type=\"container\" data-e-type=\"container\">\n\t\t\t\t\t<div class=\"e-con-inner\">\n\t\t\t\t<div class=\"elementor-element elementor-element-6bf89799 elementor-widget elementor-widget-spacer\" data-id=\"6bf89799\" data-element_type=\"widget\" data-e-type=\"widget\" data-widget_type=\"spacer.default\">\n\t\t\t\t<div class=\"elementor-widget-container\">\n\t\t\t\t\t\t\t<div class=\"elementor-spacer\">\n\t\t\t<div class=\"elementor-spacer-inner\"><\/div>\n\t\t<\/div>\n\t\t\t\t\t\t<\/div>\n\t\t\t\t<\/div>\n\t\t\t\t<div class=\"elementor-element elementor-element-7144820 elementor-widget elementor-widget-heading\" data-id=\"7144820\" data-element_type=\"widget\" data-e-type=\"widget\" data-widget_type=\"heading.default\">\n\t\t\t\t<div class=\"elementor-widget-container\">\n\t\t\t\t\t<h2 class=\"elementor-heading-title elementor-size-default\">Tercer Encuentro de Profesores en Educaci\u00f3n Media Superior<\/h2>\t\t\t\t<\/div>\n\t\t\t\t<\/div>\n\t\t\t\t<div class=\"elementor-element elementor-element-2e6b34d elementor-widget elementor-widget-text-editor\" data-id=\"2e6b34d\" data-element_type=\"widget\" data-e-type=\"widget\" data-widget_type=\"text-editor.default\">\n\t\t\t\t<div class=\"elementor-widget-container\">\n\t\t\t\t\t\t\t\t\t<p>Aseg\u00farese de completar de manera precisa y concreta los datos requeridos en el formulario siguiente. La informaci\u00f3n suministrada ser\u00e1 utilizada en documentos oficiales, por lo que es crucial que se escriba correctamente.<\/p>\t\t\t\t\t\t\t\t<\/div>\n\t\t\t\t<\/div>\n\t\t\t\t\t<\/div>\n\t\t\t\t<\/div>\n\t\t<div class=\"elementor-element elementor-element-55c00590 e-flex e-con-boxed e-con e-parent\" data-id=\"55c00590\" data-element_type=\"container\" data-e-type=\"container\">\n\t\t\t\t\t<div class=\"e-con-inner\">\n\t\t\t\t<div class=\"elementor-element elementor-element-7499b57c elementor-widget elementor-widget-text-editor\" data-id=\"7499b57c\" data-element_type=\"widget\" data-e-type=\"widget\" data-widget_type=\"text-editor.default\">\n\t\t\t\t<div class=\"elementor-widget-container\">\n\t\t\t\t\t\t\t\t\t<p>Las Pol\u00edticas de Privacidad de Datos establecen los t\u00e9rminos en que Centro Mesoamericano de F\u00edsica Te\u00f3rica de la Universidad Aut\u00f3noma de Chiapas usa y protege la informaci\u00f3n que es proporcionada por sus usuarios al momento de utilizar y enviar este formulario de registro. Para saber m\u00e1s puede leer el siguiente documento web\u00a0<a href=\"http:\/\/mctp.mx\/privacy-policy\/\">http:\/\/mctp.mx\/privacy-policy\/<\/a><\/p>\t\t\t\t\t\t\t\t<\/div>\n\t\t\t\t<\/div>\n\t\t\t\t<div class=\"elementor-element elementor-element-265ecc62 elementor-widget elementor-widget-text-editor\" data-id=\"265ecc62\" data-element_type=\"widget\" data-e-type=\"widget\" data-widget_type=\"text-editor.default\">\n\t\t\t\t<div class=\"elementor-widget-container\">\n\t\t\t\t\t\t\t\t\t<p>En caso de enfrentar alg\u00fan inconveniente con el formulario, le instamos a ponerse en contacto con nuestro equipo de soporte t\u00e9cnico a trav\u00e9s del correo electr\u00f3nico <a href=\"mailto:info@mctp.mx\" target=\"_new\">info@mctp.mx<\/a>.<\/p>\t\t\t\t\t\t\t\t<\/div>\n\t\t\t\t<\/div>\n\t\t\t\t\t<\/div>\n\t\t\t\t<\/div>\n\t\t<div class=\"elementor-element elementor-element-3f8efea4 e-flex e-con-boxed e-con e-parent\" data-id=\"3f8efea4\" data-element_type=\"container\" data-e-type=\"container\">\n\t\t\t\t\t<div class=\"e-con-inner\">\n\t\t\t\t<div class=\"elementor-element elementor-element-14da41fa elementor-widget elementor-widget-shortcode\" data-id=\"14da41fa\" data-element_type=\"widget\" data-e-type=\"widget\" data-widget_type=\"shortcode.default\">\n\t\t\t\t<div class=\"elementor-widget-container\">\n\t\t\t\t\t\t\t<div class=\"elementor-shortcode\"><\/div>\n\t\t\t\t\t\t<\/div>\n\t\t\t\t<\/div>\n\t\t\t\t\t<\/div>\n\t\t\t\t<\/div>\n\t\t\t\t<\/div>\n\t\t","protected":false},"excerpt":{"rendered":"<p>Inicio Formulario Tercer Encuentro de Profesores en Educaci\u00f3n Media Superior Aseg\u00farese de completar de manera precisa y concreta los datos requeridos en el formulario siguiente. La informaci\u00f3n suministrada ser\u00e1 utilizada en documentos oficiales, por lo que es crucial que se escriba correctamente. Las Pol\u00edticas de Privacidad de Datos establecen los t\u00e9rminos en que Centro Mesoamericano [&hellip;]<\/p>\n","protected":false},"author":1,"featured_media":0,"parent":0,"menu_order":0,"comment_status":"closed","ping_status":"closed","template":"elementor_canvas","meta":{"footnotes":""},"class_list":["post-115","page","type-page","status-publish","hentry"],"aioseo_notices":[],"_links":{"self":[{"href":"https:\/\/mctp.mx\/forms\/wp-json\/wp\/v2\/pages\/115","targetHints":{"allow":["GET"]}}],"collection":[{"href":"https:\/\/mctp.mx\/forms\/wp-json\/wp\/v2\/pages"}],"about":[{"href":"https:\/\/mctp.mx\/forms\/wp-json\/wp\/v2\/types\/page"}],"author":[{"embeddable":true,"href":"https:\/\/mctp.mx\/forms\/wp-json\/wp\/v2\/users\/1"}],"replies":[{"embeddable":true,"href":"https:\/\/mctp.mx\/forms\/wp-json\/wp\/v2\/comments?post=115"}],"version-history":[{"count":16,"href":"https:\/\/mctp.mx\/forms\/wp-json\/wp\/v2\/pages\/115\/revisions"}],"predecessor-version":[{"id":212,"href":"https:\/\/mctp.mx\/forms\/wp-json\/wp\/v2\/pages\/115\/revisions\/212"}],"wp:attachment":[{"href":"https:\/\/mctp.mx\/forms\/wp-json\/wp\/v2\/media?parent=115"}],"curies":[{"name":"wp","href":"https:\/\/api.w.org\/{rel}","templated":true}]}}