{"id":143,"date":"2025-07-30T18:03:03","date_gmt":"2025-07-30T18:03:03","guid":{"rendered":"https:\/\/mctp.mx\/forms\/?page_id=143"},"modified":"2025-08-25T15:47:37","modified_gmt":"2025-08-25T15:47:37","slug":"tercer-diplomado-en-programacion-basica-2025","status":"publish","type":"page","link":"https:\/\/mctp.mx\/forms\/tercer-diplomado-en-programacion-basica-2025\/","title":{"rendered":"Tercer Diplomado en Programaci\u00f3n B\u00e1sica 2025"},"content":{"rendered":"\t\t<div data-elementor-type=\"wp-page\" data-elementor-id=\"143\" class=\"elementor elementor-143\">\n\t\t\t\t<div class=\"elementor-element elementor-element-45df7f5 e-flex e-con-boxed e-con e-parent\" data-id=\"45df7f5\" data-element_type=\"container\" data-e-type=\"container\" data-settings=\"{&quot;background_background&quot;:&quot;classic&quot;}\">\n\t\t\t\t\t<div class=\"e-con-inner\">\n\t\t<div class=\"elementor-element elementor-element-1e9931c e-con-full e-flex e-con e-child\" data-id=\"1e9931c\" data-element_type=\"container\" data-e-type=\"container\">\n\t\t\t\t<div class=\"elementor-element elementor-element-327d82ff elementor-widget elementor-widget-image\" data-id=\"327d82ff\" data-element_type=\"widget\" data-e-type=\"widget\" data-widget_type=\"image.default\">\n\t\t\t\t<div class=\"elementor-widget-container\">\n\t\t\t\t\t\t\t\t\t\t\t\t\t\t\t\t<a href=\"https:\/\/mctp.mx\/\">\n\t\t\t\t\t\t\t<img decoding=\"async\" width=\"376\" height=\"100\" src=\"https:\/\/mctp.mx\/forms\/wp-content\/uploads\/2023\/11\/mctp-100px-72p-01.png\" class=\"attachment-large size-large wp-image-16\" alt=\"\" srcset=\"https:\/\/mctp.mx\/forms\/wp-content\/uploads\/2023\/11\/mctp-100px-72p-01.png 376w, https:\/\/mctp.mx\/forms\/wp-content\/uploads\/2023\/11\/mctp-100px-72p-01-300x80.png 300w\" sizes=\"(max-width: 376px) 100vw, 376px\" \/>\t\t\t\t\t\t\t\t<\/a>\n\t\t\t\t\t\t\t\t\t\t\t\t\t\t\t<\/div>\n\t\t\t\t<\/div>\n\t\t\t\t<\/div>\n\t\t<div class=\"elementor-element elementor-element-61ac0c04 e-con-full e-flex e-con e-child\" data-id=\"61ac0c04\" data-element_type=\"container\" data-e-type=\"container\">\n\t\t\t\t<div class=\"elementor-element elementor-element-36410c4a elementor-widget elementor-widget-heading\" data-id=\"36410c4a\" data-element_type=\"widget\" data-e-type=\"widget\" data-widget_type=\"heading.default\">\n\t\t\t\t<div class=\"elementor-widget-container\">\n\t\t\t\t\t<h2 class=\"elementor-heading-title elementor-size-default\"><a href=\"https:\/\/mctp.mx\/\">Inicio<\/a><\/h2>\t\t\t\t<\/div>\n\t\t\t\t<\/div>\n\t\t\t\t<\/div>\n\t\t<div class=\"elementor-element elementor-element-693c942d e-con-full e-flex e-con e-child\" data-id=\"693c942d\" data-element_type=\"container\" data-e-type=\"container\">\n\t\t\t\t<div class=\"elementor-element elementor-element-5f816b2b elementor-widget elementor-widget-heading\" data-id=\"5f816b2b\" data-element_type=\"widget\" data-e-type=\"widget\" data-widget_type=\"heading.default\">\n\t\t\t\t<div class=\"elementor-widget-container\">\n\t\t\t\t\t<h2 class=\"elementor-heading-title elementor-size-default\">Formulario<\/h2>\t\t\t\t<\/div>\n\t\t\t\t<\/div>\n\t\t\t\t<\/div>\n\t\t\t\t\t<\/div>\n\t\t\t\t<\/div>\n\t\t<div class=\"elementor-element elementor-element-15c9ef01 e-flex e-con-boxed e-con e-parent\" data-id=\"15c9ef01\" data-element_type=\"container\" data-e-type=\"container\">\n\t\t\t\t\t<div class=\"e-con-inner\">\n\t\t\t\t<div class=\"elementor-element elementor-element-fbec4db elementor-widget elementor-widget-spacer\" data-id=\"fbec4db\" data-element_type=\"widget\" data-e-type=\"widget\" data-widget_type=\"spacer.default\">\n\t\t\t\t<div class=\"elementor-widget-container\">\n\t\t\t\t\t\t\t<div class=\"elementor-spacer\">\n\t\t\t<div class=\"elementor-spacer-inner\"><\/div>\n\t\t<\/div>\n\t\t\t\t\t\t<\/div>\n\t\t\t\t<\/div>\n\t\t\t\t<div class=\"elementor-element elementor-element-007a697 elementor-widget elementor-widget-heading\" data-id=\"007a697\" data-element_type=\"widget\" data-e-type=\"widget\" data-widget_type=\"heading.default\">\n\t\t\t\t<div class=\"elementor-widget-container\">\n\t\t\t\t\t<h2 class=\"elementor-heading-title elementor-size-default\">Tercer Diplomado en Programaci\u00f3n B\u00e1sica 2025 <\/h2>\t\t\t\t<\/div>\n\t\t\t\t<\/div>\n\t\t\t\t<div class=\"elementor-element elementor-element-a50c859 elementor-widget elementor-widget-text-editor\" data-id=\"a50c859\" data-element_type=\"widget\" data-e-type=\"widget\" data-widget_type=\"text-editor.default\">\n\t\t\t\t<div class=\"elementor-widget-container\">\n\t\t\t\t\t\t\t\t\t<p>Aseg\u00farese de completar de manera precisa y concreta los datos requeridos en el formulario siguiente. La informaci\u00f3n suministrada ser\u00e1 utilizada en documentos oficiales, por lo que es crucial que se escriba correctamente.<\/p>\t\t\t\t\t\t\t\t<\/div>\n\t\t\t\t<\/div>\n\t\t\t\t\t<\/div>\n\t\t\t\t<\/div>\n\t\t<div class=\"elementor-element elementor-element-6cec5f8d e-flex e-con-boxed e-con e-parent\" data-id=\"6cec5f8d\" data-element_type=\"container\" data-e-type=\"container\">\n\t\t\t\t\t<div class=\"e-con-inner\">\n\t\t\t\t<div class=\"elementor-element elementor-element-14346248 elementor-widget elementor-widget-text-editor\" data-id=\"14346248\" data-element_type=\"widget\" data-e-type=\"widget\" data-widget_type=\"text-editor.default\">\n\t\t\t\t<div class=\"elementor-widget-container\">\n\t\t\t\t\t\t\t\t\t<p>Las Pol\u00edticas de Privacidad de Datos establecen los t\u00e9rminos en que Centro Mesoamericano de F\u00edsica Te\u00f3rica de la Universidad Aut\u00f3noma de Chiapas usa y protege la informaci\u00f3n que es proporcionada por sus usuarios al momento de utilizar y enviar este formulario de registro. Para saber m\u00e1s puede leer el siguiente documento web\u00a0<a href=\"http:\/\/mctp.mx\/privacy-policy\/\">http:\/\/mctp.mx\/privacy-policy\/<\/a><\/p>\t\t\t\t\t\t\t\t<\/div>\n\t\t\t\t<\/div>\n\t\t\t\t<div class=\"elementor-element elementor-element-3995f4e6 elementor-widget elementor-widget-text-editor\" data-id=\"3995f4e6\" data-element_type=\"widget\" data-e-type=\"widget\" data-widget_type=\"text-editor.default\">\n\t\t\t\t<div class=\"elementor-widget-container\">\n\t\t\t\t\t\t\t\t\t<p>En caso de enfrentar alg\u00fan inconveniente con el formulario, le instamos a ponerse en contacto con nuestro equipo de soporte t\u00e9cnico a trav\u00e9s del correo electr\u00f3nico <a href=\"mailto:info@mctp.mx\" target=\"_new\">info@mctp.mx<\/a>.<\/p><p>Para mayor informaci\u00f3n, consulta: <a href=\"https:\/\/learning.mctp.mx\/tercer-diplomado-en-programacion-basica-2025\/\">https:\/\/learning.mctp.mx\/tercer-diplomado-en-programacion-basica-2025\/<\/a><\/p><h2>El formulario se encuentra cerrado\u00a0<\/h2>\t\t\t\t\t\t\t\t<\/div>\n\t\t\t\t<\/div>\n\t\t\t\t\t<\/div>\n\t\t\t\t<\/div>\n\t\t<div class=\"elementor-element elementor-element-3d235f3c e-flex e-con-boxed e-con e-parent\" data-id=\"3d235f3c\" data-element_type=\"container\" data-e-type=\"container\">\n\t\t\t\t\t<div class=\"e-con-inner\">\n\t\t\t\t<div class=\"elementor-element elementor-element-6c50f574 elementor-widget elementor-widget-shortcode\" data-id=\"6c50f574\" data-element_type=\"widget\" data-e-type=\"widget\" data-widget_type=\"shortcode.default\">\n\t\t\t\t<div class=\"elementor-widget-container\">\n\t\t\t\t\t\t\t<div class=\"elementor-shortcode\"><\/div>\n\t\t\t\t\t\t<\/div>\n\t\t\t\t<\/div>\n\t\t\t\t\t<\/div>\n\t\t\t\t<\/div>\n\t\t\t\t<\/div>\n\t\t","protected":false},"excerpt":{"rendered":"<p>Inicio Formulario Tercer Diplomado en Programaci\u00f3n B\u00e1sica 2025 Aseg\u00farese de completar de manera precisa y concreta los datos requeridos en el formulario siguiente. La informaci\u00f3n suministrada ser\u00e1 utilizada en documentos oficiales, por lo que es crucial que se escriba correctamente. Las Pol\u00edticas de Privacidad de Datos establecen los t\u00e9rminos en que Centro Mesoamericano de F\u00edsica [&hellip;]<\/p>\n","protected":false},"author":1,"featured_media":0,"parent":0,"menu_order":0,"comment_status":"closed","ping_status":"closed","template":"elementor_canvas","meta":{"footnotes":""},"class_list":["post-143","page","type-page","status-publish","hentry"],"aioseo_notices":[],"_links":{"self":[{"href":"https:\/\/mctp.mx\/forms\/wp-json\/wp\/v2\/pages\/143","targetHints":{"allow":["GET"]}}],"collection":[{"href":"https:\/\/mctp.mx\/forms\/wp-json\/wp\/v2\/pages"}],"about":[{"href":"https:\/\/mctp.mx\/forms\/wp-json\/wp\/v2\/types\/page"}],"author":[{"embeddable":true,"href":"https:\/\/mctp.mx\/forms\/wp-json\/wp\/v2\/users\/1"}],"replies":[{"embeddable":true,"href":"https:\/\/mctp.mx\/forms\/wp-json\/wp\/v2\/comments?post=143"}],"version-history":[{"count":13,"href":"https:\/\/mctp.mx\/forms\/wp-json\/wp\/v2\/pages\/143\/revisions"}],"predecessor-version":[{"id":183,"href":"https:\/\/mctp.mx\/forms\/wp-json\/wp\/v2\/pages\/143\/revisions\/183"}],"wp:attachment":[{"href":"https:\/\/mctp.mx\/forms\/wp-json\/wp\/v2\/media?parent=143"}],"curies":[{"name":"wp","href":"https:\/\/api.w.org\/{rel}","templated":true}]}}