{"id":154,"date":"2025-07-31T20:05:20","date_gmt":"2025-07-31T20:05:20","guid":{"rendered":"https:\/\/mctp.mx\/forms\/?page_id=154"},"modified":"2026-04-20T18:54:31","modified_gmt":"2026-04-20T18:54:31","slug":"diplomado-en-fisica-basica-para-principiantes","status":"publish","type":"page","link":"https:\/\/mctp.mx\/forms\/diplomado-en-fisica-basica-para-principiantes\/","title":{"rendered":"Diplomado en F\u00edsica B\u00e1sica para Principiantes"},"content":{"rendered":"\t\t<div data-elementor-type=\"wp-page\" data-elementor-id=\"154\" class=\"elementor elementor-154\">\n\t\t\t\t<div class=\"elementor-element elementor-element-4a7d9866 e-flex e-con-boxed e-con e-parent\" data-id=\"4a7d9866\" data-element_type=\"container\" data-e-type=\"container\" data-settings=\"{&quot;background_background&quot;:&quot;classic&quot;}\">\n\t\t\t\t\t<div class=\"e-con-inner\">\n\t\t<div class=\"elementor-element elementor-element-34572ae9 e-con-full e-flex e-con e-child\" data-id=\"34572ae9\" data-element_type=\"container\" data-e-type=\"container\">\n\t\t\t\t<div class=\"elementor-element elementor-element-39e9f618 elementor-widget elementor-widget-image\" data-id=\"39e9f618\" data-element_type=\"widget\" data-e-type=\"widget\" data-widget_type=\"image.default\">\n\t\t\t\t<div class=\"elementor-widget-container\">\n\t\t\t\t\t\t\t\t\t\t\t\t\t\t\t\t<a href=\"https:\/\/mctp.mx\/\">\n\t\t\t\t\t\t\t<img decoding=\"async\" width=\"376\" height=\"100\" src=\"https:\/\/mctp.mx\/forms\/wp-content\/uploads\/2023\/11\/mctp-100px-72p-01.png\" class=\"attachment-large size-large wp-image-16\" alt=\"\" srcset=\"https:\/\/mctp.mx\/forms\/wp-content\/uploads\/2023\/11\/mctp-100px-72p-01.png 376w, https:\/\/mctp.mx\/forms\/wp-content\/uploads\/2023\/11\/mctp-100px-72p-01-300x80.png 300w\" sizes=\"(max-width: 376px) 100vw, 376px\" \/>\t\t\t\t\t\t\t\t<\/a>\n\t\t\t\t\t\t\t\t\t\t\t\t\t\t\t<\/div>\n\t\t\t\t<\/div>\n\t\t\t\t<\/div>\n\t\t<div class=\"elementor-element elementor-element-59dfe65c e-con-full e-flex e-con e-child\" data-id=\"59dfe65c\" data-element_type=\"container\" data-e-type=\"container\">\n\t\t\t\t<div class=\"elementor-element elementor-element-1adbfc6c elementor-widget elementor-widget-heading\" data-id=\"1adbfc6c\" data-element_type=\"widget\" data-e-type=\"widget\" data-widget_type=\"heading.default\">\n\t\t\t\t<div class=\"elementor-widget-container\">\n\t\t\t\t\t<h3 class=\"elementor-heading-title elementor-size-default\"><a href=\"https:\/\/mctp.mx\/\">Inicio<\/a><\/h3>\t\t\t\t<\/div>\n\t\t\t\t<\/div>\n\t\t\t\t<\/div>\n\t\t<div class=\"elementor-element elementor-element-74540917 e-con-full e-flex e-con e-child\" data-id=\"74540917\" data-element_type=\"container\" data-e-type=\"container\">\n\t\t\t\t<div class=\"elementor-element elementor-element-5bb6b802 elementor-widget elementor-widget-heading\" data-id=\"5bb6b802\" data-element_type=\"widget\" data-e-type=\"widget\" data-widget_type=\"heading.default\">\n\t\t\t\t<div class=\"elementor-widget-container\">\n\t\t\t\t\t<h3 class=\"elementor-heading-title elementor-size-default\"><a href=\"https:\/\/learning.mctp.mx\/\">Diplomados y Cursos <\/a><\/h3>\t\t\t\t<\/div>\n\t\t\t\t<\/div>\n\t\t\t\t<\/div>\n\t\t\t\t\t<\/div>\n\t\t\t\t<\/div>\n\t\t<div class=\"elementor-element elementor-element-277cc68d e-flex e-con-boxed e-con e-parent\" data-id=\"277cc68d\" data-element_type=\"container\" data-e-type=\"container\">\n\t\t\t\t\t<div class=\"e-con-inner\">\n\t\t\t\t<div class=\"elementor-element elementor-element-55007705 elementor-widget elementor-widget-spacer\" data-id=\"55007705\" data-element_type=\"widget\" data-e-type=\"widget\" data-widget_type=\"spacer.default\">\n\t\t\t\t<div class=\"elementor-widget-container\">\n\t\t\t\t\t\t\t<div class=\"elementor-spacer\">\n\t\t\t<div class=\"elementor-spacer-inner\"><\/div>\n\t\t<\/div>\n\t\t\t\t\t\t<\/div>\n\t\t\t\t<\/div>\n\t\t\t\t<div class=\"elementor-element elementor-element-3ba8c9c elementor-widget elementor-widget-heading\" data-id=\"3ba8c9c\" data-element_type=\"widget\" data-e-type=\"widget\" data-widget_type=\"heading.default\">\n\t\t\t\t<div class=\"elementor-widget-container\">\n\t\t\t\t\t<h2 class=\"elementor-heading-title elementor-size-default\">Diplomado en F\u00edsica B\u00e1sica para Principiantes<\/h2>\t\t\t\t<\/div>\n\t\t\t\t<\/div>\n\t\t\t\t<div class=\"elementor-element elementor-element-1cffb18b elementor-widget elementor-widget-text-editor\" data-id=\"1cffb18b\" data-element_type=\"widget\" data-e-type=\"widget\" data-widget_type=\"text-editor.default\">\n\t\t\t\t<div class=\"elementor-widget-container\">\n\t\t\t\t\t\t\t\t\t<p>Aseg\u00farese de completar de forma precisa y clara los datos solicitados en el siguiente formulario. La informaci\u00f3n proporcionada ser\u00e1 utilizada en documentos oficiales, por lo que es fundamental que se capture correctamente.<\/p>\t\t\t\t\t\t\t\t<\/div>\n\t\t\t\t<\/div>\n\t\t\t\t\t<\/div>\n\t\t\t\t<\/div>\n\t\t<div class=\"elementor-element elementor-element-5c486eac e-flex e-con-boxed e-con e-parent\" data-id=\"5c486eac\" data-element_type=\"container\" data-e-type=\"container\">\n\t\t\t\t\t<div class=\"e-con-inner\">\n\t\t\t\t<div class=\"elementor-element elementor-element-2e46fd89 elementor-widget elementor-widget-text-editor\" data-id=\"2e46fd89\" data-element_type=\"widget\" data-e-type=\"widget\" data-widget_type=\"text-editor.default\">\n\t\t\t\t<div class=\"elementor-widget-container\">\n\t\t\t\t\t\t\t\t\t<p>Las Pol\u00edticas de Privacidad de Datos del Centro Mesoamericano de F\u00edsica Te\u00f3rica \u00a0establecen los t\u00e9rminos en que se recopila, utiliza y protege la informaci\u00f3n proporcionada por los usuarios al momento de enviar este formulario de registro. Para m\u00e1s informaci\u00f3n, puede consultar el siguiente enlace: <a href=\"http:\/\/mctp.mx\/privacy-policy\/\">http:\/\/mctp.mx\/privacy-policy\/<\/a><\/p>\t\t\t\t\t\t\t\t<\/div>\n\t\t\t\t<\/div>\n\t\t\t\t<div class=\"elementor-element elementor-element-5c0e68d1 elementor-widget elementor-widget-text-editor\" data-id=\"5c0e68d1\" data-element_type=\"widget\" data-e-type=\"widget\" data-widget_type=\"text-editor.default\">\n\t\t\t\t<div class=\"elementor-widget-container\">\n\t\t\t\t\t\t\t\t\t<p>Si presenta alg\u00fan inconveniente al completar el formulario, puede comunicarse con nuestro equipo de soporte t\u00e9cnico a trav\u00e9s del correo electr\u00f3nico: <a href=\"mailto:info@mctp.mx\" target=\"_new\">info@mctp.mx<\/a>.<\/p><h2>\u00a0<\/h2>\t\t\t\t\t\t\t\t<\/div>\n\t\t\t\t<\/div>\n\t\t\t\t\t<\/div>\n\t\t\t\t<\/div>\n\t\t<div class=\"elementor-element elementor-element-3995cf6c e-flex e-con-boxed e-con e-parent\" data-id=\"3995cf6c\" data-element_type=\"container\" data-e-type=\"container\">\n\t\t\t\t\t<div class=\"e-con-inner\">\n\t\t\t\t<div class=\"elementor-element elementor-element-1b0b97de elementor-widget elementor-widget-shortcode\" data-id=\"1b0b97de\" data-element_type=\"widget\" data-e-type=\"widget\" data-widget_type=\"shortcode.default\">\n\t\t\t\t<div class=\"elementor-widget-container\">\n\t\t\t\t\t\t\t<div class=\"elementor-shortcode\"><\/div>\n\t\t\t\t\t\t<\/div>\n\t\t\t\t<\/div>\n\t\t\t\t\t<\/div>\n\t\t\t\t<\/div>\n\t\t\t\t<\/div>\n\t\t","protected":false},"excerpt":{"rendered":"<p>Inicio Diplomados y Cursos Diplomado en F\u00edsica B\u00e1sica para Principiantes Aseg\u00farese de completar de forma precisa y clara los datos solicitados en el siguiente formulario. La informaci\u00f3n proporcionada ser\u00e1 utilizada en documentos oficiales, por lo que es fundamental que se capture correctamente. Las Pol\u00edticas de Privacidad de Datos del Centro Mesoamericano de F\u00edsica Te\u00f3rica \u00a0establecen [&hellip;]<\/p>\n","protected":false},"author":1,"featured_media":0,"parent":0,"menu_order":0,"comment_status":"closed","ping_status":"closed","template":"elementor_canvas","meta":{"footnotes":""},"class_list":["post-154","page","type-page","status-publish","hentry"],"aioseo_notices":[],"_links":{"self":[{"href":"https:\/\/mctp.mx\/forms\/wp-json\/wp\/v2\/pages\/154","targetHints":{"allow":["GET"]}}],"collection":[{"href":"https:\/\/mctp.mx\/forms\/wp-json\/wp\/v2\/pages"}],"about":[{"href":"https:\/\/mctp.mx\/forms\/wp-json\/wp\/v2\/types\/page"}],"author":[{"embeddable":true,"href":"https:\/\/mctp.mx\/forms\/wp-json\/wp\/v2\/users\/1"}],"replies":[{"embeddable":true,"href":"https:\/\/mctp.mx\/forms\/wp-json\/wp\/v2\/comments?post=154"}],"version-history":[{"count":20,"href":"https:\/\/mctp.mx\/forms\/wp-json\/wp\/v2\/pages\/154\/revisions"}],"predecessor-version":[{"id":223,"href":"https:\/\/mctp.mx\/forms\/wp-json\/wp\/v2\/pages\/154\/revisions\/223"}],"wp:attachment":[{"href":"https:\/\/mctp.mx\/forms\/wp-json\/wp\/v2\/media?parent=154"}],"curies":[{"name":"wp","href":"https:\/\/api.w.org\/{rel}","templated":true}]}}