{"id":17,"date":"2023-11-30T00:49:30","date_gmt":"2023-11-30T00:49:30","guid":{"rendered":"https:\/\/mctp.mx\/forms\/?page_id=17"},"modified":"2025-08-05T17:10:18","modified_gmt":"2025-08-05T17:10:18","slug":"diplomado","status":"publish","type":"page","link":"https:\/\/mctp.mx\/forms\/diplomado\/","title":{"rendered":"Diplomado"},"content":{"rendered":"\t\t<div data-elementor-type=\"wp-post\" data-elementor-id=\"17\" class=\"elementor elementor-17\">\n\t\t\t\t<div class=\"elementor-element elementor-element-cbca260 e-flex e-con-boxed e-con e-parent\" data-id=\"cbca260\" data-element_type=\"container\" data-e-type=\"container\" data-settings=\"{&quot;background_background&quot;:&quot;classic&quot;}\">\n\t\t\t\t\t<div class=\"e-con-inner\">\n\t\t<div class=\"elementor-element elementor-element-57d3860 e-con-full e-flex e-con e-child\" data-id=\"57d3860\" data-element_type=\"container\" data-e-type=\"container\">\n\t\t\t\t<div class=\"elementor-element elementor-element-b2c2f50 elementor-widget elementor-widget-image\" data-id=\"b2c2f50\" data-element_type=\"widget\" data-e-type=\"widget\" data-widget_type=\"image.default\">\n\t\t\t\t<div class=\"elementor-widget-container\">\n\t\t\t\t\t\t\t\t\t\t\t\t\t\t\t\t<a href=\"https:\/\/mctp.mx\/\">\n\t\t\t\t\t\t\t<img decoding=\"async\" width=\"376\" height=\"100\" src=\"https:\/\/mctp.mx\/forms\/wp-content\/uploads\/2023\/11\/mctp-100px-72p-01.png\" class=\"attachment-large size-large wp-image-16\" alt=\"\" srcset=\"https:\/\/mctp.mx\/forms\/wp-content\/uploads\/2023\/11\/mctp-100px-72p-01.png 376w, https:\/\/mctp.mx\/forms\/wp-content\/uploads\/2023\/11\/mctp-100px-72p-01-300x80.png 300w\" sizes=\"(max-width: 376px) 100vw, 376px\" \/>\t\t\t\t\t\t\t\t<\/a>\n\t\t\t\t\t\t\t\t\t\t\t\t\t\t\t<\/div>\n\t\t\t\t<\/div>\n\t\t\t\t<\/div>\n\t\t<div class=\"elementor-element elementor-element-0f00f12 e-con-full e-flex e-con e-child\" data-id=\"0f00f12\" data-element_type=\"container\" data-e-type=\"container\">\n\t\t\t\t<div class=\"elementor-element elementor-element-ff1521a elementor-widget elementor-widget-heading\" data-id=\"ff1521a\" data-element_type=\"widget\" data-e-type=\"widget\" data-widget_type=\"heading.default\">\n\t\t\t\t<div class=\"elementor-widget-container\">\n\t\t\t\t\t<h2 class=\"elementor-heading-title elementor-size-default\"><a href=\"https:\/\/mctp.mx\/\">Inicio<\/a><\/h2>\t\t\t\t<\/div>\n\t\t\t\t<\/div>\n\t\t\t\t<\/div>\n\t\t<div class=\"elementor-element elementor-element-ff539d4 e-con-full e-flex e-con e-child\" data-id=\"ff539d4\" data-element_type=\"container\" data-e-type=\"container\">\n\t\t\t\t<div class=\"elementor-element elementor-element-cd2f2b2 elementor-widget elementor-widget-heading\" data-id=\"cd2f2b2\" data-element_type=\"widget\" data-e-type=\"widget\" data-widget_type=\"heading.default\">\n\t\t\t\t<div class=\"elementor-widget-container\">\n\t\t\t\t\t<h2 class=\"elementor-heading-title elementor-size-default\">Formulario<\/h2>\t\t\t\t<\/div>\n\t\t\t\t<\/div>\n\t\t\t\t<\/div>\n\t\t\t\t\t<\/div>\n\t\t\t\t<\/div>\n\t\t<div class=\"elementor-element elementor-element-72aa56e e-flex e-con-boxed e-con e-parent\" data-id=\"72aa56e\" data-element_type=\"container\" data-e-type=\"container\">\n\t\t\t\t\t<div class=\"e-con-inner\">\n\t\t\t\t<div class=\"elementor-element elementor-element-9fb5581 elementor-widget elementor-widget-spacer\" data-id=\"9fb5581\" data-element_type=\"widget\" data-e-type=\"widget\" data-widget_type=\"spacer.default\">\n\t\t\t\t<div class=\"elementor-widget-container\">\n\t\t\t\t\t\t\t<div class=\"elementor-spacer\">\n\t\t\t<div class=\"elementor-spacer-inner\"><\/div>\n\t\t<\/div>\n\t\t\t\t\t\t<\/div>\n\t\t\t\t<\/div>\n\t\t\t\t\t<\/div>\n\t\t\t\t<\/div>\n\t\t<div class=\"elementor-element elementor-element-c125557 e-flex e-con-boxed e-con e-parent\" data-id=\"c125557\" data-element_type=\"container\" data-e-type=\"container\">\n\t\t\t\t\t<div class=\"e-con-inner\">\n\t\t\t\t<div class=\"elementor-element elementor-element-5e5fb9b elementor-widget elementor-widget-text-editor\" data-id=\"5e5fb9b\" data-element_type=\"widget\" data-e-type=\"widget\" data-widget_type=\"text-editor.default\">\n\t\t\t\t<div class=\"elementor-widget-container\">\n\t\t\t\t\t\t\t\t\t<h1><b>Diplomado en F\u00edsica Te\u00f3rica 2025<\/b><\/h1>\t\t\t\t\t\t\t\t<\/div>\n\t\t\t\t<\/div>\n\t\t\t\t<div class=\"elementor-element elementor-element-9fd8353 elementor-widget elementor-widget-text-editor\" data-id=\"9fd8353\" data-element_type=\"widget\" data-e-type=\"widget\" data-widget_type=\"text-editor.default\">\n\t\t\t\t<div class=\"elementor-widget-container\">\n\t\t\t\t\t\t\t\t\t<p>Aseg\u00farese de completar de manera precisa y concreta los datos requeridos en el formulario siguiente. La informaci\u00f3n suministrada ser\u00e1 utilizada en documentos oficiales, por lo que es crucial que se escriba correctamente.<\/p><p>Las Pol\u00edticas de Privacidad de Datos establecen los t\u00e9rminos en que Centro Mesoamericano de F\u00edsica Te\u00f3rica de la Universidad Aut\u00f3noma de Chiapas usa y protege la informaci\u00f3n que es proporcionada por sus usuarios al momento de utilizar y enviar este formulario de registro. Para saber m\u00e1s puede leer el siguiente documento web\u00a0<a href=\"http:\/\/mctp.mx\/privacy-policy\/\">http:\/\/mctp.mx\/privacy-policy\/<\/a><\/p><p>En caso de enfrentar alg\u00fan inconveniente con el formulario, le instamos a ponerse en contacto con nuestro equipo de soporte t\u00e9cnico a trav\u00e9s del correo electr\u00f3nico <a href=\"mailto:info@mctp.mx\" target=\"_new\">info@mctp.mx<\/a>.<\/p><p>Visita el sitio web para mayores informes: <a href=\"https:\/\/learning.mctp.mx\/diplomado-en-fisica-teorica-2025\/\">https:\/\/learning.mctp.mx\/diplomado-en-fisica-teorica-2025\/<\/a><\/p>\t\t\t\t\t\t\t\t<\/div>\n\t\t\t\t<\/div>\n\t\t\t\t<div class=\"elementor-element elementor-element-2465c47 elementor-widget elementor-widget-heading\" data-id=\"2465c47\" data-element_type=\"widget\" data-e-type=\"widget\" data-widget_type=\"heading.default\">\n\t\t\t\t<div class=\"elementor-widget-container\">\n\t\t\t\t\t<h2 class=\"elementor-heading-title elementor-size-default\">El formulario de registro ha sido cerrado<\/h2>\t\t\t\t<\/div>\n\t\t\t\t<\/div>\n\t\t\t\t\t<\/div>\n\t\t\t\t<\/div>\n\t\t\t\t<\/div>\n\t\t","protected":false},"excerpt":{"rendered":"<p>Inicio Formulario Diplomado en F\u00edsica Te\u00f3rica 2025 Aseg\u00farese de completar de manera precisa y concreta los datos requeridos en el formulario siguiente. La informaci\u00f3n suministrada ser\u00e1 utilizada en documentos oficiales, por lo que es crucial que se escriba correctamente. Las Pol\u00edticas de Privacidad de Datos establecen los t\u00e9rminos en que Centro Mesoamericano de F\u00edsica Te\u00f3rica [&hellip;]<\/p>\n","protected":false},"author":1,"featured_media":0,"parent":0,"menu_order":0,"comment_status":"closed","ping_status":"closed","template":"elementor_canvas","meta":{"footnotes":""},"class_list":["post-17","page","type-page","status-publish","hentry"],"aioseo_notices":[],"_links":{"self":[{"href":"https:\/\/mctp.mx\/forms\/wp-json\/wp\/v2\/pages\/17","targetHints":{"allow":["GET"]}}],"collection":[{"href":"https:\/\/mctp.mx\/forms\/wp-json\/wp\/v2\/pages"}],"about":[{"href":"https:\/\/mctp.mx\/forms\/wp-json\/wp\/v2\/types\/page"}],"author":[{"embeddable":true,"href":"https:\/\/mctp.mx\/forms\/wp-json\/wp\/v2\/users\/1"}],"replies":[{"embeddable":true,"href":"https:\/\/mctp.mx\/forms\/wp-json\/wp\/v2\/comments?post=17"}],"version-history":[{"count":74,"href":"https:\/\/mctp.mx\/forms\/wp-json\/wp\/v2\/pages\/17\/revisions"}],"predecessor-version":[{"id":176,"href":"https:\/\/mctp.mx\/forms\/wp-json\/wp\/v2\/pages\/17\/revisions\/176"}],"wp:attachment":[{"href":"https:\/\/mctp.mx\/forms\/wp-json\/wp\/v2\/media?parent=17"}],"curies":[{"name":"wp","href":"https:\/\/api.w.org\/{rel}","templated":true}]}}