{"id":98,"date":"2025-05-14T01:24:34","date_gmt":"2025-05-14T01:24:34","guid":{"rendered":"https:\/\/mctp.mx\/forms\/?page_id=98"},"modified":"2025-06-03T19:44:22","modified_gmt":"2025-06-03T19:44:22","slug":"omf2025","status":"publish","type":"page","link":"https:\/\/mctp.mx\/forms\/omf2025\/","title":{"rendered":"Olimpiadas Mesoamericana de F\u00edsica 2025"},"content":{"rendered":"\t\t<div data-elementor-type=\"wp-page\" data-elementor-id=\"98\" class=\"elementor elementor-98\">\n\t\t\t\t<div class=\"elementor-element elementor-element-7bf22f5b e-flex e-con-boxed e-con e-parent\" data-id=\"7bf22f5b\" data-element_type=\"container\" data-e-type=\"container\" data-settings=\"{&quot;background_background&quot;:&quot;classic&quot;}\">\n\t\t\t\t\t<div class=\"e-con-inner\">\n\t\t<div class=\"elementor-element elementor-element-34e4b677 e-con-full e-flex e-con e-child\" data-id=\"34e4b677\" data-element_type=\"container\" data-e-type=\"container\">\n\t\t\t\t<div class=\"elementor-element elementor-element-2db0547e elementor-widget elementor-widget-image\" data-id=\"2db0547e\" data-element_type=\"widget\" data-e-type=\"widget\" data-widget_type=\"image.default\">\n\t\t\t\t<div class=\"elementor-widget-container\">\n\t\t\t\t\t\t\t\t\t\t\t\t\t\t\t\t<a href=\"https:\/\/mctp.mx\/\">\n\t\t\t\t\t\t\t<img decoding=\"async\" width=\"376\" height=\"100\" src=\"https:\/\/mctp.mx\/forms\/wp-content\/uploads\/2023\/11\/mctp-100px-72p-01.png\" class=\"attachment-large size-large wp-image-16\" alt=\"\" srcset=\"https:\/\/mctp.mx\/forms\/wp-content\/uploads\/2023\/11\/mctp-100px-72p-01.png 376w, https:\/\/mctp.mx\/forms\/wp-content\/uploads\/2023\/11\/mctp-100px-72p-01-300x80.png 300w\" sizes=\"(max-width: 376px) 100vw, 376px\" \/>\t\t\t\t\t\t\t\t<\/a>\n\t\t\t\t\t\t\t\t\t\t\t\t\t\t\t<\/div>\n\t\t\t\t<\/div>\n\t\t\t\t<\/div>\n\t\t<div class=\"elementor-element elementor-element-74b61934 e-con-full e-flex e-con e-child\" data-id=\"74b61934\" data-element_type=\"container\" data-e-type=\"container\">\n\t\t\t\t<div class=\"elementor-element elementor-element-33cc702d elementor-widget elementor-widget-heading\" data-id=\"33cc702d\" data-element_type=\"widget\" data-e-type=\"widget\" data-widget_type=\"heading.default\">\n\t\t\t\t<div class=\"elementor-widget-container\">\n\t\t\t\t\t<h2 class=\"elementor-heading-title elementor-size-default\"><a href=\"https:\/\/mctp.mx\/\">Inicio<\/a><\/h2>\t\t\t\t<\/div>\n\t\t\t\t<\/div>\n\t\t\t\t<\/div>\n\t\t<div class=\"elementor-element elementor-element-5dbe663a e-con-full e-flex e-con e-child\" data-id=\"5dbe663a\" data-element_type=\"container\" data-e-type=\"container\">\n\t\t\t\t<div class=\"elementor-element elementor-element-3bd1c070 elementor-widget elementor-widget-heading\" data-id=\"3bd1c070\" data-element_type=\"widget\" data-e-type=\"widget\" data-widget_type=\"heading.default\">\n\t\t\t\t<div class=\"elementor-widget-container\">\n\t\t\t\t\t<h2 class=\"elementor-heading-title elementor-size-default\">Formulario<\/h2>\t\t\t\t<\/div>\n\t\t\t\t<\/div>\n\t\t\t\t<\/div>\n\t\t\t\t\t<\/div>\n\t\t\t\t<\/div>\n\t\t<div class=\"elementor-element elementor-element-415627a8 e-flex e-con-boxed e-con e-parent\" data-id=\"415627a8\" data-element_type=\"container\" data-e-type=\"container\">\n\t\t\t\t\t<div class=\"e-con-inner\">\n\t\t\t\t<div class=\"elementor-element elementor-element-58ccf0be elementor-widget elementor-widget-spacer\" data-id=\"58ccf0be\" data-element_type=\"widget\" data-e-type=\"widget\" data-widget_type=\"spacer.default\">\n\t\t\t\t<div class=\"elementor-widget-container\">\n\t\t\t\t\t\t\t<div class=\"elementor-spacer\">\n\t\t\t<div class=\"elementor-spacer-inner\"><\/div>\n\t\t<\/div>\n\t\t\t\t\t\t<\/div>\n\t\t\t\t<\/div>\n\t\t\t\t<div class=\"elementor-element elementor-element-b8ea234 elementor-widget elementor-widget-heading\" data-id=\"b8ea234\" data-element_type=\"widget\" data-e-type=\"widget\" data-widget_type=\"heading.default\">\n\t\t\t\t<div class=\"elementor-widget-container\">\n\t\t\t\t\t<h1 class=\"elementor-heading-title elementor-size-default\">Olimpiada Mesoamericana de F\u00edsica 2025<\/h1>\t\t\t\t<\/div>\n\t\t\t\t<\/div>\n\t\t\t\t<div class=\"elementor-element elementor-element-69b85fdd elementor-widget elementor-widget-text-editor\" data-id=\"69b85fdd\" data-element_type=\"widget\" data-e-type=\"widget\" data-widget_type=\"text-editor.default\">\n\t\t\t\t<div class=\"elementor-widget-container\">\n\t\t\t\t\t\t\t\t\t<p>Lea atentamente el reglamento de la Octava Olimpiada Mesoamericana de F\u00edsica 2025 antes de registrar a sus participantes. El cumplimiento de los lineamientos es requisito indispensable para la inscripci\u00f3n. <a href=\"https:\/\/mctp.mx\/event\/omf2025\/\">Reglamento<\/a><\/p>\t\t\t\t\t\t\t\t<\/div>\n\t\t\t\t<\/div>\n\t\t\t\t<div class=\"elementor-element elementor-element-e582c44 elementor-widget elementor-widget-text-editor\" data-id=\"e582c44\" data-element_type=\"widget\" data-e-type=\"widget\" data-widget_type=\"text-editor.default\">\n\t\t\t\t<div class=\"elementor-widget-container\">\n\t\t\t\t\t\t\t\t\t<p>Aseg\u00farese de completar de manera precisa y concreta los datos requeridos en el formulario siguiente. La informaci\u00f3n suministrada ser\u00e1 utilizada en documentos oficiales, por lo que es crucial que se escriba correctamente.<\/p>\t\t\t\t\t\t\t\t<\/div>\n\t\t\t\t<\/div>\n\t\t\t\t\t<\/div>\n\t\t\t\t<\/div>\n\t\t<div class=\"elementor-element elementor-element-2a4347a8 e-flex e-con-boxed e-con e-parent\" data-id=\"2a4347a8\" data-element_type=\"container\" data-e-type=\"container\">\n\t\t\t\t\t<div class=\"e-con-inner\">\n\t\t\t\t<div class=\"elementor-element elementor-element-c64b319 elementor-widget elementor-widget-text-editor\" data-id=\"c64b319\" data-element_type=\"widget\" data-e-type=\"widget\" data-widget_type=\"text-editor.default\">\n\t\t\t\t<div class=\"elementor-widget-container\">\n\t\t\t\t\t\t\t\t\t<p>Las Pol\u00edticas de Privacidad de Datos establecen los t\u00e9rminos en que Centro Mesoamericano de F\u00edsica Te\u00f3rica de la Universidad Aut\u00f3noma de Chiapas usa y protege la informaci\u00f3n que es proporcionada por sus usuarios al momento de utilizar y enviar este formulario de registro. Para saber m\u00e1s puede leer el siguiente documento web\u00a0<a href=\"http:\/\/mctp.mx\/privacy-policy\/\">http:\/\/mctp.mx\/privacy-policy\/<\/a><\/p>\t\t\t\t\t\t\t\t<\/div>\n\t\t\t\t<\/div>\n\t\t\t\t<div class=\"elementor-element elementor-element-75a909af elementor-widget elementor-widget-text-editor\" data-id=\"75a909af\" data-element_type=\"widget\" data-e-type=\"widget\" data-widget_type=\"text-editor.default\">\n\t\t\t\t<div class=\"elementor-widget-container\">\n\t\t\t\t\t\t\t\t\t<p>En caso de enfrentar alg\u00fan inconveniente con el formulario, le instamos a ponerse en contacto con nuestro equipo de soporte t\u00e9cnico a trav\u00e9s del correo electr\u00f3nico <a href=\"mailto:info@mctp.mx\" target=\"_new\">info@mctp.mx<\/a>.<\/p>\t\t\t\t\t\t\t\t<\/div>\n\t\t\t\t<\/div>\n\t\t\t\t\t<\/div>\n\t\t\t\t<\/div>\n\t\t<div class=\"elementor-element elementor-element-454db09a e-flex e-con-boxed e-con e-parent\" data-id=\"454db09a\" data-element_type=\"container\" data-e-type=\"container\">\n\t\t\t\t\t<div class=\"e-con-inner\">\n\t\t\t\t<div class=\"elementor-element elementor-element-6968c568 elementor-widget elementor-widget-shortcode\" data-id=\"6968c568\" data-element_type=\"widget\" data-e-type=\"widget\" data-widget_type=\"shortcode.default\">\n\t\t\t\t<div class=\"elementor-widget-container\">\n\t\t\t\t\t\t\t<div class=\"elementor-shortcode\"><\/div>\n\t\t\t\t\t\t<\/div>\n\t\t\t\t<\/div>\n\t\t\t\t\t<\/div>\n\t\t\t\t<\/div>\n\t\t\t\t<\/div>\n\t\t","protected":false},"excerpt":{"rendered":"<p>Inicio Formulario Olimpiada Mesoamericana de F\u00edsica 2025 Lea atentamente el reglamento de la Octava Olimpiada Mesoamericana de F\u00edsica 2025 antes de registrar a sus participantes. El cumplimiento de los lineamientos es requisito indispensable para la inscripci\u00f3n. Reglamento Aseg\u00farese de completar de manera precisa y concreta los datos requeridos en el formulario siguiente. La informaci\u00f3n suministrada [&hellip;]<\/p>\n","protected":false},"author":1,"featured_media":0,"parent":0,"menu_order":0,"comment_status":"closed","ping_status":"closed","template":"elementor_canvas","meta":{"footnotes":""},"class_list":["post-98","page","type-page","status-publish","hentry"],"aioseo_notices":[],"_links":{"self":[{"href":"https:\/\/mctp.mx\/forms\/wp-json\/wp\/v2\/pages\/98","targetHints":{"allow":["GET"]}}],"collection":[{"href":"https:\/\/mctp.mx\/forms\/wp-json\/wp\/v2\/pages"}],"about":[{"href":"https:\/\/mctp.mx\/forms\/wp-json\/wp\/v2\/types\/page"}],"author":[{"embeddable":true,"href":"https:\/\/mctp.mx\/forms\/wp-json\/wp\/v2\/users\/1"}],"replies":[{"embeddable":true,"href":"https:\/\/mctp.mx\/forms\/wp-json\/wp\/v2\/comments?post=98"}],"version-history":[{"count":14,"href":"https:\/\/mctp.mx\/forms\/wp-json\/wp\/v2\/pages\/98\/revisions"}],"predecessor-version":[{"id":123,"href":"https:\/\/mctp.mx\/forms\/wp-json\/wp\/v2\/pages\/98\/revisions\/123"}],"wp:attachment":[{"href":"https:\/\/mctp.mx\/forms\/wp-json\/wp\/v2\/media?parent=98"}],"curies":[{"name":"wp","href":"https:\/\/api.w.org\/{rel}","templated":true}]}}